{"id":1125,"date":"2026-02-06T18:43:35","date_gmt":"2026-02-06T17:43:35","guid":{"rendered":"https:\/\/pasticceriacaffesanromolo.it\/prodotto\/tarte-a-la-cerise-griotte\/"},"modified":"2026-02-06T18:43:35","modified_gmt":"2026-02-06T17:43:35","slug":"tarte-a-la-cerise-griotte","status":"publish","type":"product","link":"https:\/\/pasticceriacaffesanromolo.it\/fr\/produit\/tarte-a-la-cerise-griotte\/","title":{"rendered":"Tarte \u00e0 la Cerise Griotte"},"content":{"rendered":"<p>La tarte \u00e0 la cerise griotte de la Pasticceria San Romolo est une cr\u00e9ation destin\u00e9e aux amateurs de saveurs intenses et affirm\u00e9es. La base classique de p\u00e2te sabl\u00e9e, pr\u00e9par\u00e9e avec du beurre et des \u0153ufs frais, renferme une g\u00e9n\u00e9reuse garniture de confiture de cerises griottes au go\u00fbt profond et l\u00e9g\u00e8rement acidul\u00e9, qui s\u00e9duit d\u00e8s la premi\u00e8re bouch\u00e9e. <\/p>\n<p><strong>Ingr\u00e9dients :<\/strong> beurre, \u0153ufs, sucre glace, farine, sel, confiture de cerises griottes (amarena).<\/p>\n<p><strong>Conservation : <\/strong>Conserver dans un endroit frais et sec. \u00c0 consommer de pr\u00e9f\u00e9rence dans les 5 jours.<\/p>\n<p><strong>Pourquoi la choisir : <\/strong>Pour ceux qui recherchent une exp\u00e9rience gustative riche et intense, o\u00f9 le caract\u00e8re affirm\u00e9 de la cerise se marie \u00e0 la douceur de la p\u00e2te dans un \u00e9quilibre parfait entre saveur et tradition.<\/p>\n<p><strong>Accords recommand\u00e9s : <\/strong>Caf\u00e9 espresso, th\u00e9 Earl Grey, un petit verre de marasquin ou de vin doux.<\/p>\n","protected":false},"excerpt":{"rendered":"<div>\n<div>Tarte artisanale \u00e0 la p\u00e2te sabl\u00e9e et \u00e0 la confiture de cerises griottes. Un dessert au go\u00fbt intense et enveloppant de la Pasticceria San Romolo. <\/div>\n<\/div>\n","protected":false},"featured_media":1126,"comment_status":"closed","ping_status":"closed","template":"","meta":{"site-sidebar-layout":"default","site-content-layout":"","ast-site-content-layout":"default","site-content-style":"default","site-sidebar-style":"default","ast-global-header-display":"","ast-banner-title-visibility":"","ast-main-header-display":"","ast-hfb-above-header-display":"","ast-hfb-below-header-display":"","ast-hfb-mobile-header-display":"","site-post-title":"","ast-breadcrumbs-content":"","ast-featured-img":"","footer-sml-layout":"","ast-disable-related-posts":"","theme-transparent-header-meta":"default","adv-header-id-meta":"","stick-header-meta":"","header-above-stick-meta":"","header-main-stick-meta":"","header-below-stick-meta":"","astra-migrate-meta-layouts":"default","ast-page-background-enabled":"default","ast-page-background-meta":{"desktop":{"background-color":"","background-image":"","background-repeat":"repeat","background-position":"center center","background-size":"auto","background-attachment":"scroll","background-type":"","background-media":"","overlay-type":"","overlay-color":"","overlay-opacity":"","overlay-gradient":""},"tablet":{"background-color":"","background-image":"","background-repeat":"repeat","background-position":"center center","background-size":"auto","background-attachment":"scroll","background-type":"","background-media":"","overlay-type":"","overlay-color":"","overlay-opacity":"","overlay-gradient":""},"mobile":{"background-color":"","background-image":"","background-repeat":"repeat","background-position":"center center","background-size":"auto","background-attachment":"scroll","background-type":"","background-media":"","overlay-type":"","overlay-color":"","overlay-opacity":"","overlay-gradient":""}},"ast-content-background-meta":{"desktop":{"background-color":"var(--ast-global-color-5)","background-image":"","background-repeat":"repeat","background-position":"center center","background-size":"auto","background-attachment":"scroll","background-type":"","background-media":"","overlay-type":"","overlay-color":"","overlay-opacity":"","overlay-gradient":""},"tablet":{"background-color":"var(--ast-global-color-5)","background-image":"","background-repeat":"repeat","background-position":"center center","background-size":"auto","background-attachment":"scroll","background-type":"","background-media":"","overlay-type":"","overlay-color":"","overlay-opacity":"","overlay-gradient":""},"mobile":{"background-color":"var(--ast-global-color-5)","background-image":"","background-repeat":"repeat","background-position":"center center","background-size":"auto","background-attachment":"scroll","background-type":"","background-media":"","overlay-type":"","overlay-color":"","overlay-opacity":"","overlay-gradient":""}}},"product_brand":[],"product_cat":[60],"product_tag":[],"class_list":{"0":"post-1125","1":"product","2":"type-product","3":"status-publish","4":"has-post-thumbnail","6":"product_cat-tartes","7":"desktop-align-left","8":"tablet-align-left","9":"mobile-align-left","11":"first","12":"instock","13":"taxable","14":"shipping-taxable","15":"purchasable","16":"product-type-simple"},"jetpack_sharing_enabled":true,"_links":{"self":[{"href":"https:\/\/pasticceriacaffesanromolo.it\/fr\/wp-json\/wp\/v2\/product\/1125","targetHints":{"allow":["GET"]}}],"collection":[{"href":"https:\/\/pasticceriacaffesanromolo.it\/fr\/wp-json\/wp\/v2\/product"}],"about":[{"href":"https:\/\/pasticceriacaffesanromolo.it\/fr\/wp-json\/wp\/v2\/types\/product"}],"replies":[{"embeddable":true,"href":"https:\/\/pasticceriacaffesanromolo.it\/fr\/wp-json\/wp\/v2\/comments?post=1125"}],"wp:featuredmedia":[{"embeddable":true,"href":"https:\/\/pasticceriacaffesanromolo.it\/fr\/wp-json\/wp\/v2\/media\/1126"}],"wp:attachment":[{"href":"https:\/\/pasticceriacaffesanromolo.it\/fr\/wp-json\/wp\/v2\/media?parent=1125"}],"wp:term":[{"taxonomy":"product_brand","embeddable":true,"href":"https:\/\/pasticceriacaffesanromolo.it\/fr\/wp-json\/wp\/v2\/product_brand?post=1125"},{"taxonomy":"product_cat","embeddable":true,"href":"https:\/\/pasticceriacaffesanromolo.it\/fr\/wp-json\/wp\/v2\/product_cat?post=1125"},{"taxonomy":"product_tag","embeddable":true,"href":"https:\/\/pasticceriacaffesanromolo.it\/fr\/wp-json\/wp\/v2\/product_tag?post=1125"}],"curies":[{"name":"wp","href":"https:\/\/api.w.org\/{rel}","templated":true}]}}