{"id":1121,"date":"2026-02-06T18:43:35","date_gmt":"2026-02-06T17:43:35","guid":{"rendered":"https:\/\/pasticceriacaffesanromolo.it\/prodotto\/tarte-a-labricot\/"},"modified":"2026-02-06T18:43:35","modified_gmt":"2026-02-06T17:43:35","slug":"tarte-a-labricot","status":"publish","type":"product","link":"https:\/\/pasticceriacaffesanromolo.it\/fr\/produit\/tarte-a-labricot\/","title":{"rendered":"Tarte \u00e0 l\u2019Abricot"},"content":{"rendered":"<p>La tarte \u00e0 l\u2019abricot de la Pasticceria San Romolo est un hommage \u00e0 la simplicit\u00e9 de la p\u00e2tisserie traditionnelle ligurienne. Une base de p\u00e2te sabl\u00e9e friable, pr\u00e9par\u00e9e avec du beurre de haute qualit\u00e9 et des \u0153ufs frais, accueille une g\u00e9n\u00e9reuse garniture de confiture d\u2019abricots au go\u00fbt d\u00e9licat et l\u00e9g\u00e8rement acidul\u00e9. <\/p>\n<p><strong>Ingr\u00e9dients :<\/strong> beurre, \u0153ufs, sucre glace, farine, sel, confiture d\u2019abricots.<\/p>\n<p><strong>Conservation : <\/strong>Conserver dans un endroit frais et sec. \u00c0 consommer de pr\u00e9f\u00e9rence dans les 5 jours.<\/p>\n<p><strong>Pourquoi la choisir :<\/strong> La p\u00e2te sabl\u00e9e beurr\u00e9e et croustillante s\u2019accorde parfaitement avec la douceur velout\u00e9e de l\u2019abricot, pour une tarte qui rappelle les saveurs d\u2019antan.<\/p>\n<p><strong>Accords recommand\u00e9s : <\/strong>Th\u00e9 blanc, caf\u00e9 am\u00e9ricain, un verre de Moscato d\u2019Asti.<\/p>\n","protected":false},"excerpt":{"rendered":"<div>\n<div>Tarte artisanale \u00e0 la p\u00e2te sabl\u00e9e beurr\u00e9e et \u00e0 la confiture d\u2019abricots. Un classique de la tradition de la Pasticceria San Romolo. <\/div>\n<\/div>\n","protected":false},"featured_media":1122,"comment_status":"closed","ping_status":"closed","template":"","meta":{"site-sidebar-layout":"default","site-content-layout":"","ast-site-content-layout":"default","site-content-style":"default","site-sidebar-style":"default","ast-global-header-display":"","ast-banner-title-visibility":"","ast-main-header-display":"","ast-hfb-above-header-display":"","ast-hfb-below-header-display":"","ast-hfb-mobile-header-display":"","site-post-title":"","ast-breadcrumbs-content":"","ast-featured-img":"","footer-sml-layout":"","ast-disable-related-posts":"","theme-transparent-header-meta":"default","adv-header-id-meta":"","stick-header-meta":"","header-above-stick-meta":"","header-main-stick-meta":"","header-below-stick-meta":"","astra-migrate-meta-layouts":"default","ast-page-background-enabled":"default","ast-page-background-meta":{"desktop":{"background-color":"","background-image":"","background-repeat":"repeat","background-position":"center center","background-size":"auto","background-attachment":"scroll","background-type":"","background-media":"","overlay-type":"","overlay-color":"","overlay-opacity":"","overlay-gradient":""},"tablet":{"background-color":"","background-image":"","background-repeat":"repeat","background-position":"center center","background-size":"auto","background-attachment":"scroll","background-type":"","background-media":"","overlay-type":"","overlay-color":"","overlay-opacity":"","overlay-gradient":""},"mobile":{"background-color":"","background-image":"","background-repeat":"repeat","background-position":"center center","background-size":"auto","background-attachment":"scroll","background-type":"","background-media":"","overlay-type":"","overlay-color":"","overlay-opacity":"","overlay-gradient":""}},"ast-content-background-meta":{"desktop":{"background-color":"var(--ast-global-color-5)","background-image":"","background-repeat":"repeat","background-position":"center center","background-size":"auto","background-attachment":"scroll","background-type":"","background-media":"","overlay-type":"","overlay-color":"","overlay-opacity":"","overlay-gradient":""},"tablet":{"background-color":"var(--ast-global-color-5)","background-image":"","background-repeat":"repeat","background-position":"center center","background-size":"auto","background-attachment":"scroll","background-type":"","background-media":"","overlay-type":"","overlay-color":"","overlay-opacity":"","overlay-gradient":""},"mobile":{"background-color":"var(--ast-global-color-5)","background-image":"","background-repeat":"repeat","background-position":"center center","background-size":"auto","background-attachment":"scroll","background-type":"","background-media":"","overlay-type":"","overlay-color":"","overlay-opacity":"","overlay-gradient":""}}},"product_brand":[],"product_cat":[60],"product_tag":[],"class_list":{"0":"post-1121","1":"product","2":"type-product","3":"status-publish","4":"has-post-thumbnail","6":"product_cat-tartes","7":"desktop-align-left","8":"tablet-align-left","9":"mobile-align-left","11":"first","12":"instock","13":"taxable","14":"shipping-taxable","15":"purchasable","16":"product-type-simple"},"jetpack_sharing_enabled":true,"_links":{"self":[{"href":"https:\/\/pasticceriacaffesanromolo.it\/fr\/wp-json\/wp\/v2\/product\/1121","targetHints":{"allow":["GET"]}}],"collection":[{"href":"https:\/\/pasticceriacaffesanromolo.it\/fr\/wp-json\/wp\/v2\/product"}],"about":[{"href":"https:\/\/pasticceriacaffesanromolo.it\/fr\/wp-json\/wp\/v2\/types\/product"}],"replies":[{"embeddable":true,"href":"https:\/\/pasticceriacaffesanromolo.it\/fr\/wp-json\/wp\/v2\/comments?post=1121"}],"wp:featuredmedia":[{"embeddable":true,"href":"https:\/\/pasticceriacaffesanromolo.it\/fr\/wp-json\/wp\/v2\/media\/1122"}],"wp:attachment":[{"href":"https:\/\/pasticceriacaffesanromolo.it\/fr\/wp-json\/wp\/v2\/media?parent=1121"}],"wp:term":[{"taxonomy":"product_brand","embeddable":true,"href":"https:\/\/pasticceriacaffesanromolo.it\/fr\/wp-json\/wp\/v2\/product_brand?post=1121"},{"taxonomy":"product_cat","embeddable":true,"href":"https:\/\/pasticceriacaffesanromolo.it\/fr\/wp-json\/wp\/v2\/product_cat?post=1121"},{"taxonomy":"product_tag","embeddable":true,"href":"https:\/\/pasticceriacaffesanromolo.it\/fr\/wp-json\/wp\/v2\/product_tag?post=1121"}],"curies":[{"name":"wp","href":"https:\/\/api.w.org\/{rel}","templated":true}]}}